{"id":987798,"date":"2023-01-04T19:31:24","date_gmt":"2023-01-04T19:31:24","guid":{"rendered":"http:\/\/lafitte.hostindomain.com\/?post_type=product&#038;p=987798"},"modified":"2023-03-15T23:29:49","modified_gmt":"2023-03-15T23:29:49","slug":"natural","status":"publish","type":"product","link":"https:\/\/lafitteargentina.com\/es\/producto\/natural\/","title":{"rendered":"Natural"},"content":{"rendered":"<div data-elementor-type=\"product-post\" data-elementor-id=\"987798\" class=\"elementor elementor-987798\">\n\t\t\t\t\t\t\t\t\t<section class=\"elementor-section elementor-top-section elementor-element elementor-element-291ac02 elementor-section-boxed elementor-section-height-default elementor-section-height-default\" data-id=\"291ac02\" data-element_type=\"section\">\n\t\t\t\t\t\t<div class=\"elementor-container elementor-column-gap-default\">\n\t\t\t\t\t<div class=\"elementor-column elementor-col-100 elementor-top-column elementor-element elementor-element-b960f3f\" data-id=\"b960f3f\" data-element_type=\"column\">\n\t\t\t<div class=\"elementor-widget-wrap elementor-element-populated\">\n\t\t\t\t\t\t\t\t<div class=\"elementor-element elementor-element-1b05cb1 elementor-widget elementor-widget-heading\" data-id=\"1b05cb1\" data-element_type=\"widget\" data-widget_type=\"heading.default\">\n\t\t\t\t<div class=\"elementor-widget-container\">\n\t\t\t<h5 class=\"elementor-heading-title elementor-size-default\">Especificaciones T\u00e9cnicas<\/h5>\t\t<\/div>\n\t\t\t\t<\/div>\n\t\t\t\t<div class=\"elementor-element elementor-element-b9044c3 elementor-widget elementor-widget-text-editor\" data-id=\"b9044c3\" data-element_type=\"widget\" data-widget_type=\"text-editor.default\">\n\t\t\t\t<div class=\"elementor-widget-container\">\n\t\t\t\t\t\t\t<strong>Longitud:<\/strong> Valor nominal \u00b1 0,7 mm <br>\n<strong>Di\u00e1metro:<\/strong> Valor nominal \u00b1 0,5 mm <br>\n<strong>Ovalizaci\u00f3n:<\/strong> \u2264 0,7 mm <br>\n<strong>Densidad:<\/strong> 180 \u00b1 40 kg\/m\u00b3 <br>\n<strong>Humedad:<\/strong> 6 \u00b1 2 % <br>\n<strong>Fuerza de extracci\u00f3n:<\/strong> 25 \u00b1 10 daN <br>\n<strong>Estanqueidad:<\/strong> Resistencia hasta 1,2 bar <br>\n<strong>Residuos de polvo:<\/strong> \u2264 1,5 mg\/tap\u00f3n <br>\n<strong>Capilaridad:<\/strong> Sin capilaridad <br>\n<strong>Residuos de per\u00f3xido: <\/strong> \u2264 0,1 mg\/tap\u00f3n <br>\n<strong>Microbiolog\u00eda:<\/strong> < 10 UFC\/tap\u00f3n <br>\n<strong>An\u00e1lisis sensorial:<\/strong> Sin olores ni gustos extra\u00f1os <br>\n<strong>An\u00e1lisis de cloroanisoles:<\/strong> <br> 2,4,6 TCA \u2264 1.5 ng\/l <br>\nPCA \u2264 LD ng\/l <br>\nTeCA \u2264 LD ng\/l\t\t\t\t\t\t<\/div>\n\t\t\t\t<\/div>\n\t\t\t\t<div class=\"elementor-element elementor-element-2f2b491 elementor-widget elementor-widget-heading\" data-id=\"2f2b491\" data-element_type=\"widget\" data-widget_type=\"heading.default\">\n\t\t\t\t<div class=\"elementor-widget-container\">\n\t\t\t<h5 class=\"elementor-heading-title elementor-size-default\">Recomendaciones en el Almacenado<\/h5>\t\t<\/div>\n\t\t\t\t<\/div>\n\t\t\t\t<div class=\"elementor-element elementor-element-7ab791d elementor-widget elementor-widget-text-editor\" data-id=\"7ab791d\" data-element_type=\"widget\" data-widget_type=\"text-editor.default\">\n\t\t\t\t<div class=\"elementor-widget-container\">\n\t\t\t\t\t\t\t-Utilizaci\u00f3n recomendada de los tapones de corcho hasta, como m\u00e1ximo, 6 meses despu\u00e9s de su expedici\u00f3n.\n\n-Los tapones de corcho deber\u00e1n ser almacenados en locales: <br>\n\u0970Limpios, aireados y sin olor. <br>\n\u0970Que se encuentren a una temperatura de 15\u1d52C a 25\u1d52C. <br>\n\u0970Que tengan una humedad relativa de 50% a 65% (a m\u00e1s de 65% se corre el riesgo de alteraci\u00f3n microbiol\u00f3gica irreversible).\t\t\t\t\t\t<\/div>\n\t\t\t\t<\/div>\n\t\t\t\t<div class=\"elementor-element elementor-element-495ec43 elementor-widget elementor-widget-heading\" data-id=\"495ec43\" data-element_type=\"widget\" data-widget_type=\"heading.default\">\n\t\t\t\t<div class=\"elementor-widget-container\">\n\t\t\t<h5 class=\"elementor-heading-title elementor-size-default\">Recomendaciones en el Embotellado<\/h5>\t\t<\/div>\n\t\t\t\t<\/div>\n\t\t\t\t<div class=\"elementor-element elementor-element-197dfcf elementor-widget elementor-widget-text-editor\" data-id=\"197dfcf\" data-element_type=\"widget\" data-widget_type=\"text-editor.default\">\n\t\t\t\t<div class=\"elementor-widget-container\">\n\t\t\t\t\t\t\t-Utilizar garrafas normalizadas. <br>\n-Revisi\u00f3n peri\u00f3dica de las mordazas de la taponadora, que deben estar siempre limpias y evitando que se froten (origina hendiduras en el tap\u00f3n). <br>\n-La temperatura ambiente en el momento del embotellado deber\u00e1 ser de 15\u1d52C \u2013 25\u1d52C. <br>\n-Embotellar al vac\u00edo o con CO2. <br>\n-Respetar el nivel de llenado nominal de las botellas. <br>\n-Limpiar el equipo todos los d\u00edas antes y despu\u00e9s del embotellado. <br>\n-No comprimir el tap\u00f3n por debajo de 2\/3 de su di\u00e1metro. (origina alteraciones de la estructura, mala recuperaci\u00f3n y fugas) <br>\n-Las botellas no deben ser colocadas en posici\u00f3n horizontal inmediatamente despu\u00e9s del embotellado. El tiempo en posici\u00f3n vertical debe ser de, al menos, 3 minutos para permitir que el tap\u00f3n recupere su forma y as\u00ed asegurar un cierre eficaz. <br>\n-Almacenado y transporte del producto conforme las normas reglamentarias.\t\t\t\t\t\t<\/div>\n\t\t\t\t<\/div>\n\t\t\t\t<section class=\"elementor-section elementor-inner-section elementor-element elementor-element-331d5f0 elementor-section-boxed elementor-section-height-default elementor-section-height-default\" data-id=\"331d5f0\" data-element_type=\"section\">\n\t\t\t\t\t\t<div class=\"elementor-container elementor-column-gap-default\">\n\t\t\t\t\t<div class=\"elementor-column elementor-col-100 elementor-inner-column elementor-element elementor-element-bf06f9c\" data-id=\"bf06f9c\" data-element_type=\"column\">\n\t\t\t<div class=\"elementor-widget-wrap elementor-element-populated\">\n\t\t\t\t\t\t\t\t<div class=\"elementor-element elementor-element-d66589b elementor-widget elementor-widget-heading\" data-id=\"d66589b\" data-element_type=\"widget\" data-widget_type=\"heading.default\">\n\t\t\t\t<div class=\"elementor-widget-container\">\n\t\t\t<h5 class=\"elementor-heading-title elementor-size-default\"><a href=\"https:\/\/static1.squarespace.com\/static\/614c3b93ab6ff65eccb643fc\/t\/62b08f1cbd8abe4652ec69e1\/1655738141079\/Lafitte_cork-FTs-ES-01_Natural.pdf\">Ver ficha t\u00e9cnica<\/a><\/h5>\t\t<\/div>\n\t\t\t\t<\/div>\n\t\t\t\t\t<\/div>\n\t\t<\/div>\n\t\t\t\t\t\t\t<\/div>\n\t\t<\/section>\n\t\t\t\t\t<\/div>\n\t\t<\/div>\n\t\t\t\t\t\t\t<\/div>\n\t\t<\/section>\n\t\t\t\t\t\t\t<\/div>","protected":false},"excerpt":{"rendered":"<p>Es un producto noble, 100% natural, que proviene directamente del perforado de \u201clonjas\u201d de corcho cuidadosamente seleccionado.<br \/>\nNing\u00fan otro material posee la capacidad de permitir intercambios gaseosos entre la botella y el medio exterior de forma adecuada en favor del refinamiento de los vinos. \u00c9ste es un producto de excelencia, esencial para el embotellado de vinos tranquilos<\/p>","protected":false},"featured_media":988369,"comment_status":"closed","ping_status":"closed","template":"","meta":{"_joinchat":[]},"product_cat":[56],"product_tag":[47],"class_list":["post-987798","product","type-product","status-publish","has-post-thumbnail","hentry","product_cat-natural","product_tag-red"],"_links":{"self":[{"href":"https:\/\/lafitteargentina.com\/es\/wp-json\/wp\/v2\/product\/987798","targetHints":{"allow":["GET"]}}],"collection":[{"href":"https:\/\/lafitteargentina.com\/es\/wp-json\/wp\/v2\/product"}],"about":[{"href":"https:\/\/lafitteargentina.com\/es\/wp-json\/wp\/v2\/types\/product"}],"replies":[{"embeddable":true,"href":"https:\/\/lafitteargentina.com\/es\/wp-json\/wp\/v2\/comments?post=987798"}],"version-history":[{"count":22,"href":"https:\/\/lafitteargentina.com\/es\/wp-json\/wp\/v2\/product\/987798\/revisions"}],"predecessor-version":[{"id":988643,"href":"https:\/\/lafitteargentina.com\/es\/wp-json\/wp\/v2\/product\/987798\/revisions\/988643"}],"wp:featuredmedia":[{"embeddable":true,"href":"https:\/\/lafitteargentina.com\/es\/wp-json\/wp\/v2\/media\/988369"}],"wp:attachment":[{"href":"https:\/\/lafitteargentina.com\/es\/wp-json\/wp\/v2\/media?parent=987798"}],"wp:term":[{"taxonomy":"product_cat","embeddable":true,"href":"https:\/\/lafitteargentina.com\/es\/wp-json\/wp\/v2\/product_cat?post=987798"},{"taxonomy":"product_tag","embeddable":true,"href":"https:\/\/lafitteargentina.com\/es\/wp-json\/wp\/v2\/product_tag?post=987798"}],"curies":[{"name":"wp","href":"https:\/\/api.w.org\/{rel}","templated":true}]}}