{"id":987813,"date":"2023-01-04T20:27:12","date_gmt":"2023-01-04T20:27:12","guid":{"rendered":"http:\/\/lafitte.hostindomain.com\/?post_type=product&#038;p=987813"},"modified":"2023-04-28T13:55:25","modified_gmt":"2023-04-28T13:55:25","slug":"microaglomerado-hit","status":"publish","type":"product","link":"https:\/\/lafitteargentina.com\/es\/producto\/microaglomerado-hit\/","title":{"rendered":"Microaglomerado HIT"},"content":{"rendered":"<div data-elementor-type=\"product-post\" data-elementor-id=\"987813\" class=\"elementor elementor-987813\">\n\t\t\t\t\t\t\t\t\t<section class=\"elementor-section elementor-top-section elementor-element elementor-element-291ac02 elementor-section-boxed elementor-section-height-default elementor-section-height-default\" data-id=\"291ac02\" data-element_type=\"section\">\n\t\t\t\t\t\t<div class=\"elementor-container elementor-column-gap-default\">\n\t\t\t\t\t<div class=\"elementor-column elementor-col-100 elementor-top-column elementor-element elementor-element-b960f3f\" data-id=\"b960f3f\" data-element_type=\"column\">\n\t\t\t<div class=\"elementor-widget-wrap elementor-element-populated\">\n\t\t\t\t\t\t\t\t<div class=\"elementor-element elementor-element-1b05cb1 elementor-widget elementor-widget-heading\" data-id=\"1b05cb1\" data-element_type=\"widget\" data-widget_type=\"heading.default\">\n\t\t\t\t<div class=\"elementor-widget-container\">\n\t\t\t<h5 class=\"elementor-heading-title elementor-size-default\">Especificaciones T\u00e9cnicas<\/h5>\t\t<\/div>\n\t\t\t\t<\/div>\n\t\t\t\t<div class=\"elementor-element elementor-element-b9044c3 elementor-widget elementor-widget-text-editor\" data-id=\"b9044c3\" data-element_type=\"widget\" data-widget_type=\"text-editor.default\">\n\t\t\t\t<div class=\"elementor-widget-container\">\n\t\t\t\t\t\t\t<p><strong>Longitud:<\/strong> Valor nominal 44\/47\/49 \u00b1 0,5 mm <br \/><strong>Di\u00e1metro:<\/strong> Valor nominal 24 \u00b1 0,3 mm <br \/><strong>Bisel:<\/strong> 1 mm <br \/><strong>Densidad:<\/strong> 280 \u00b1 20 kg\/m\u00b3 <br \/><strong>Recuperaci\u00f3n elastica:<\/strong>\u00a0 \u2265 97% en 30s <br \/><strong>Fuerza de extracci\u00f3n:<\/strong> 25 \u00b1 10 daN <br \/><strong>Estanqueidad:<\/strong> Resistencia hasta 1,5 bar <br \/><strong>Residuos de polvo:<\/strong> &lt; 1,5 mg\/tap\u00f3n <br \/><strong>Capilaridad:<\/strong> Sin capilaridad <br \/><strong>Residuos de per\u00f3xido: <\/strong> \u2264 0,1 mg\/tap\u00f3n <br \/><strong>OTR:<\/strong> 0,004 \u00b1 0,0004 <b>cm<sup>3<\/sup><\/b> \/d\u00eda\/tap\u00f3n <br \/><strong>Microbiolog\u00eda:<\/strong> &lt; 10 UFC\/tap\u00f3n <br \/><strong>An\u00e1lisis sensorial:<\/strong> Sin olores ni gustos extra\u00f1os <br \/><strong>An\u00e1lisis de cloroanisoles:<\/strong> <br \/>2,4,6 TCA \u2264\u00a0 LQ (0,3) <br \/>PCA \u2264 LD ng\/l <br \/>TeCA \u2264 LD ng\/l<\/p>\t\t\t\t\t\t<\/div>\n\t\t\t\t<\/div>\n\t\t\t\t<div class=\"elementor-element elementor-element-2f2b491 elementor-widget elementor-widget-heading\" data-id=\"2f2b491\" data-element_type=\"widget\" data-widget_type=\"heading.default\">\n\t\t\t\t<div class=\"elementor-widget-container\">\n\t\t\t<h5 class=\"elementor-heading-title elementor-size-default\">Recomendaciones en el Almacenado<\/h5>\t\t<\/div>\n\t\t\t\t<\/div>\n\t\t\t\t<div class=\"elementor-element elementor-element-7ab791d elementor-widget elementor-widget-text-editor\" data-id=\"7ab791d\" data-element_type=\"widget\" data-widget_type=\"text-editor.default\">\n\t\t\t\t<div class=\"elementor-widget-container\">\n\t\t\t\t\t\t\t-Utilizaci\u00f3n recomendada de los tapones de corcho hasta, como m\u00e1ximo, 6 meses despu\u00e9s de su expedici\u00f3n. <br>\n\n-Los tapones de corcho deber\u00e1n ser almacenados en locales: <br>\n \u0970Limpios, aireados y sin olor.\n \u0970Que se encuentren a una temperatura de 15\u1d52C a 25\u1d52C. <br>\n \u0970Que tengan una humedad relativa de 50% a 65% (a m\u00e1s de 65% se corre el riesgo de alteraci\u00f3n microbiol\u00f3gica irreversible).\t\t\t\t\t\t<\/div>\n\t\t\t\t<\/div>\n\t\t\t\t<div class=\"elementor-element elementor-element-495ec43 elementor-widget elementor-widget-heading\" data-id=\"495ec43\" data-element_type=\"widget\" data-widget_type=\"heading.default\">\n\t\t\t\t<div class=\"elementor-widget-container\">\n\t\t\t<h5 class=\"elementor-heading-title elementor-size-default\">Recomendaciones en el Embotellado<\/h5>\t\t<\/div>\n\t\t\t\t<\/div>\n\t\t\t\t<div class=\"elementor-element elementor-element-197dfcf elementor-widget elementor-widget-text-editor\" data-id=\"197dfcf\" data-element_type=\"widget\" data-widget_type=\"text-editor.default\">\n\t\t\t\t<div class=\"elementor-widget-container\">\n\t\t\t\t\t\t\t<p>-Utilizar botellas normalizadas. <br \/>-Revisi\u00f3n peri\u00f3dica de las mordazas de la taponadora, que deben estar siempre limpias y evitando que se froten (origina hendiduras en el tap\u00f3n). <br \/>-La temperatura ambiente en el momento del embotellado deber\u00e1 ser de 15\u1d52C \u2013 25\u1d52C. <br \/>-Embotellar al vac\u00edo o con CO2. <br \/>-Respetar el nivel de llenado nominal de las botellas. <br \/>-Limpiar el equipo todos los d\u00edas antes y despu\u00e9s del embotellado. <br \/>-No comprimir el tap\u00f3n por debajo de 2\/3 de su di\u00e1metro. (origina alteraciones de la estructura, mala recuperaci\u00f3n y fugas) <br \/>-Las botellas no deben ser colocadas en posici\u00f3n horizontal inmediatamente despu\u00e9s del embotellado. El tiempo en posici\u00f3n vertical debe ser de, al menos, 3 minutos para permitir que el tap\u00f3n recupere su forma y as\u00ed asegurar un cierre eficaz. <br \/>-Almacenado y transporte del producto conforme las normas reglamentarias.<\/p>\t\t\t\t\t\t<\/div>\n\t\t\t\t<\/div>\n\t\t\t\t<section class=\"elementor-section elementor-inner-section elementor-element elementor-element-331d5f0 elementor-section-boxed elementor-section-height-default elementor-section-height-default\" data-id=\"331d5f0\" data-element_type=\"section\">\n\t\t\t\t\t\t<div class=\"elementor-container elementor-column-gap-default\">\n\t\t\t\t\t<div class=\"elementor-column elementor-col-100 elementor-inner-column elementor-element elementor-element-bf06f9c\" data-id=\"bf06f9c\" data-element_type=\"column\">\n\t\t\t<div class=\"elementor-widget-wrap elementor-element-populated\">\n\t\t\t\t\t\t\t\t<div class=\"elementor-element elementor-element-d66589b elementor-widget elementor-widget-heading\" data-id=\"d66589b\" data-element_type=\"widget\" data-widget_type=\"heading.default\">\n\t\t\t\t<div class=\"elementor-widget-container\">\n\t\t\t<h5 class=\"elementor-heading-title elementor-size-default\"><a href=\"https:\/\/lafitteargentina.com\/wp-content\/uploads\/2023\/02\/FICHA-TECNICA-MICRO-HIT-y-CLASS.pdf\">Ver ficha t\u00e9cnica<\/a><\/h5>\t\t<\/div>\n\t\t\t\t<\/div>\n\t\t\t\t\t<\/div>\n\t\t<\/div>\n\t\t\t\t\t\t\t<\/div>\n\t\t<\/section>\n\t\t\t\t\t<\/div>\n\t\t<\/div>\n\t\t\t\t\t\t\t<\/div>\n\t\t<\/section>\n\t\t\t\t\t\t\t<\/div>","protected":false},"excerpt":{"rendered":"<p>Lafitte ha aplicado todo su conocimiento y saber hacer, fruto de largos a\u00f1os de experiencia en el dominio del corcho, en el desarrollo de una nueva gama de tapones tecnol\u00f3gicos de elevada calidad. As\u00ed nace un producto de altas prestaciones, t\u00e9cnico y organol\u00e9ptico, el HIT. <br \/>\nCon el objetivo de conferir a estos tapones calidades mec\u00e1nicas y f\u00edsicas particularmente notables, se introducen microesferas expansibles (qu\u00edmicamente inertes y aprobadas para el contacto con productos alimentarios) en una formulaci\u00f3n perfectamente equilibrada. <br \/>\nLos tapones microagranulados est\u00e1n compuestos de 100% de materia prima propia, resultante de la actividad de fabricaci\u00f3n de los tapones de corcho naturales.<br \/>\nEn control del origen del corcho, unido a la tecnolog\u00eda de esterilizaci\u00f3n y desodorizaci\u00f3n de granulados (Sistema MAXCLEAN), garantizan a estos tapones resultados en an\u00e1lisis sensoriales extraordin\u00e1rios.<\/p>","protected":false},"featured_media":988376,"comment_status":"closed","ping_status":"closed","template":"","meta":{"_joinchat":[]},"product_cat":[57],"product_tag":[47],"class_list":["post-987813","product","type-product","status-publish","has-post-thumbnail","hentry","product_cat-microaglomerado-hit","product_tag-red"],"_links":{"self":[{"href":"https:\/\/lafitteargentina.com\/es\/wp-json\/wp\/v2\/product\/987813","targetHints":{"allow":["GET"]}}],"collection":[{"href":"https:\/\/lafitteargentina.com\/es\/wp-json\/wp\/v2\/product"}],"about":[{"href":"https:\/\/lafitteargentina.com\/es\/wp-json\/wp\/v2\/types\/product"}],"replies":[{"embeddable":true,"href":"https:\/\/lafitteargentina.com\/es\/wp-json\/wp\/v2\/comments?post=987813"}],"version-history":[{"count":28,"href":"https:\/\/lafitteargentina.com\/es\/wp-json\/wp\/v2\/product\/987813\/revisions"}],"predecessor-version":[{"id":988686,"href":"https:\/\/lafitteargentina.com\/es\/wp-json\/wp\/v2\/product\/987813\/revisions\/988686"}],"wp:featuredmedia":[{"embeddable":true,"href":"https:\/\/lafitteargentina.com\/es\/wp-json\/wp\/v2\/media\/988376"}],"wp:attachment":[{"href":"https:\/\/lafitteargentina.com\/es\/wp-json\/wp\/v2\/media?parent=987813"}],"wp:term":[{"taxonomy":"product_cat","embeddable":true,"href":"https:\/\/lafitteargentina.com\/es\/wp-json\/wp\/v2\/product_cat?post=987813"},{"taxonomy":"product_tag","embeddable":true,"href":"https:\/\/lafitteargentina.com\/es\/wp-json\/wp\/v2\/product_tag?post=987813"}],"curies":[{"name":"wp","href":"https:\/\/api.w.org\/{rel}","templated":true}]}}