{"id":987843,"date":"2023-01-05T15:34:06","date_gmt":"2023-01-05T15:34:06","guid":{"rendered":"http:\/\/lafitte.hostindomain.com\/?post_type=product&#038;p=987843"},"modified":"2023-03-15T23:32:33","modified_gmt":"2023-03-15T23:32:33","slug":"con-tapa","status":"publish","type":"product","link":"https:\/\/lafitteargentina.com\/es\/producto\/con-tapa\/","title":{"rendered":"Con Tapa"},"content":{"rendered":"<div data-elementor-type=\"product-post\" data-elementor-id=\"987843\" class=\"elementor elementor-987843\">\n\t\t\t\t\t\t\t\t\t<section class=\"elementor-section elementor-top-section elementor-element elementor-element-291ac02 elementor-section-boxed elementor-section-height-default elementor-section-height-default\" data-id=\"291ac02\" data-element_type=\"section\">\n\t\t\t\t\t\t<div class=\"elementor-container elementor-column-gap-default\">\n\t\t\t\t\t<div class=\"elementor-column elementor-col-100 elementor-top-column elementor-element elementor-element-b960f3f\" data-id=\"b960f3f\" data-element_type=\"column\">\n\t\t\t<div class=\"elementor-widget-wrap elementor-element-populated\">\n\t\t\t\t\t\t\t\t<section class=\"elementor-section elementor-inner-section elementor-element elementor-element-331d5f0 elementor-section-boxed elementor-section-height-default elementor-section-height-default\" data-id=\"331d5f0\" data-element_type=\"section\">\n\t\t\t\t\t\t<div class=\"elementor-container elementor-column-gap-default\">\n\t\t\t\t\t<div class=\"elementor-column elementor-col-100 elementor-inner-column elementor-element elementor-element-bf06f9c\" data-id=\"bf06f9c\" data-element_type=\"column\">\n\t\t\t<div class=\"elementor-widget-wrap elementor-element-populated\">\n\t\t\t\t\t\t\t\t<div class=\"elementor-element elementor-element-d66589b elementor-widget elementor-widget-heading\" data-id=\"d66589b\" data-element_type=\"widget\" data-widget_type=\"heading.default\">\n\t\t\t\t<div class=\"elementor-widget-container\">\n\t\t\t<h5 class=\"elementor-heading-title elementor-size-default\"><a href=\"https:\/\/www.lafittebartop.com\/es\/home\">Ver ficha t\u00e9cnica<\/a><\/h5>\t\t<\/div>\n\t\t\t\t<\/div>\n\t\t\t\t\t<\/div>\n\t\t<\/div>\n\t\t\t\t\t\t\t<\/div>\n\t\t<\/section>\n\t\t\t\t\t<\/div>\n\t\t<\/div>\n\t\t\t\t\t\t\t<\/div>\n\t\t<\/section>\n\t\t\t\t\t\t\t<\/div>","protected":false},"excerpt":{"rendered":"<p>Los tapones de corcho de alta calidad se combinan con elegantes c\u00e1psulas para que sus botellas puedan alcanzar su m\u00e1ximo potencial. Su forma permite una f\u00e1cil extracci\u00f3n manual, convirti\u00e9ndolos en la mejor elecci\u00f3n para vinos fortificados, licores y bebidas espirituosas.<\/p>","protected":false},"featured_media":988379,"comment_status":"closed","ping_status":"closed","template":"","meta":{"_joinchat":[]},"product_cat":[60],"product_tag":[],"class_list":["post-987843","product","type-product","status-publish","has-post-thumbnail","hentry","product_cat-con-tapa"],"_links":{"self":[{"href":"https:\/\/lafitteargentina.com\/es\/wp-json\/wp\/v2\/product\/987843","targetHints":{"allow":["GET"]}}],"collection":[{"href":"https:\/\/lafitteargentina.com\/es\/wp-json\/wp\/v2\/product"}],"about":[{"href":"https:\/\/lafitteargentina.com\/es\/wp-json\/wp\/v2\/types\/product"}],"replies":[{"embeddable":true,"href":"https:\/\/lafitteargentina.com\/es\/wp-json\/wp\/v2\/comments?post=987843"}],"version-history":[{"count":10,"href":"https:\/\/lafitteargentina.com\/es\/wp-json\/wp\/v2\/product\/987843\/revisions"}],"predecessor-version":[{"id":988648,"href":"https:\/\/lafitteargentina.com\/es\/wp-json\/wp\/v2\/product\/987843\/revisions\/988648"}],"wp:featuredmedia":[{"embeddable":true,"href":"https:\/\/lafitteargentina.com\/es\/wp-json\/wp\/v2\/media\/988379"}],"wp:attachment":[{"href":"https:\/\/lafitteargentina.com\/es\/wp-json\/wp\/v2\/media?parent=987843"}],"wp:term":[{"taxonomy":"product_cat","embeddable":true,"href":"https:\/\/lafitteargentina.com\/es\/wp-json\/wp\/v2\/product_cat?post=987843"},{"taxonomy":"product_tag","embeddable":true,"href":"https:\/\/lafitteargentina.com\/es\/wp-json\/wp\/v2\/product_tag?post=987843"}],"curies":[{"name":"wp","href":"https:\/\/api.w.org\/{rel}","templated":true}]}}