{"id":987912,"date":"2023-01-05T18:42:30","date_gmt":"2023-01-05T18:42:30","guid":{"rendered":"http:\/\/lafitte.hostindomain.com\/?post_type=product&#038;p=987912"},"modified":"2023-02-17T20:54:14","modified_gmt":"2023-02-17T20:54:14","slug":"pvc-vino","status":"publish","type":"product","link":"https:\/\/lafitteargentina.com\/es\/producto\/pvc-vino\/","title":{"rendered":"PVC Vino"},"content":{"rendered":"<div data-elementor-type=\"product-post\" data-elementor-id=\"987912\" class=\"elementor elementor-987912\">\n\t\t\t\t\t\t\t\t\t<section class=\"elementor-section elementor-top-section elementor-element elementor-element-291ac02 elementor-section-boxed elementor-section-height-default elementor-section-height-default\" data-id=\"291ac02\" data-element_type=\"section\">\n\t\t\t\t\t\t<div class=\"elementor-container elementor-column-gap-default\">\n\t\t\t\t\t<div class=\"elementor-column elementor-col-100 elementor-top-column elementor-element elementor-element-b960f3f\" data-id=\"b960f3f\" data-element_type=\"column\">\n\t\t\t<div class=\"elementor-widget-wrap elementor-element-populated\">\n\t\t\t\t\t\t\t\t<div class=\"elementor-element elementor-element-1b05cb1 elementor-widget elementor-widget-heading\" data-id=\"1b05cb1\" data-element_type=\"widget\" data-widget_type=\"heading.default\">\n\t\t\t\t<div class=\"elementor-widget-container\">\n\t\t\t<h5 class=\"elementor-heading-title elementor-size-default\">Dimensiones<\/h5>\t\t<\/div>\n\t\t\t\t<\/div>\n\t\t\t\t<div class=\"elementor-element elementor-element-b9044c3 elementor-widget elementor-widget-text-editor\" data-id=\"b9044c3\" data-element_type=\"widget\" data-widget_type=\"text-editor.default\">\n\t\t\t\t<div class=\"elementor-widget-container\">\n\t\t\t\t\t\t\t<p>Di\u00e1metro: \u00a0 \u00a0 \u00a0 \u00a0 \u00a0 \u00a0 Largo:<br \/>29,70mm \u00a0 \u00a0 \u00a0 \u00a0 \u00a0 \u00a0 \u00a060,00mm<br \/>29,70mm \u00a0 \u00a0 \u00a0 \u00a0 \u00a0 \u00a0 \u00a065,00mm<br \/>29,70mm \u00a0 \u00a0 \u00a0 \u00a0 \u00a0 \u00a0 \u00a055,00mm<br \/>30,70mm \u00a0 \u00a0 \u00a0 \u00a0 \u00a0 \u00a0 \u00a065,00mm<br \/>32,80mm \u00a0 \u00a0 \u00a0 \u00a0 \u00a0 \u00a0 \u00a060,00mm<br \/>30,70mm \u00a0 \u00a0 \u00a0 \u00a0 \u00a0 \u00a0 \u00a060,00mm<\/p>\t\t\t\t\t\t<\/div>\n\t\t\t\t<\/div>\n\t\t\t\t<div class=\"elementor-element elementor-element-2f2b491 elementor-widget elementor-widget-heading\" data-id=\"2f2b491\" data-element_type=\"widget\" data-widget_type=\"heading.default\">\n\t\t\t\t<div class=\"elementor-widget-container\">\n\t\t\t<h5 class=\"elementor-heading-title elementor-size-default\">Dise\u00f1o<\/h5>\t\t<\/div>\n\t\t\t\t<\/div>\n\t\t\t\t<div class=\"elementor-element elementor-element-f76f6bd elementor-widget elementor-widget-image\" data-id=\"f76f6bd\" data-element_type=\"widget\" data-widget_type=\"image.default\">\n\t\t\t\t<div class=\"elementor-widget-container\">\n\t\t\t\t\t\t\t<div class=\"elementor-image\">\n\t\t\t\t\t\t\t\t\t\t\t\t\t\t\t\t\t\t\t\t\t<img loading=\"lazy\" decoding=\"async\" width=\"637\" height=\"669\" src=\"https:\/\/lafitteargentina.com\/wp-content\/uploads\/2023\/01\/PVCVinosDiseno.png\" class=\"attachment-large size-large wp-image-987915\" alt=\"\" srcset=\"https:\/\/lafitteargentina.com\/wp-content\/uploads\/2023\/01\/PVCVinosDiseno.png 637w, https:\/\/lafitteargentina.com\/wp-content\/uploads\/2023\/01\/PVCVinosDiseno-315x331.png 315w, https:\/\/lafitteargentina.com\/wp-content\/uploads\/2023\/01\/PVCVinosDiseno-630x662.png 630w, https:\/\/lafitteargentina.com\/wp-content\/uploads\/2023\/01\/PVCVinosDiseno-286x300.png 286w\" sizes=\"auto, (max-width: 637px) 100vw, 637px\" \/>\t\t\t\t\t\t\t\t\t\t\t\t\t\t\t\t\t\t\t\t\t\t\t\t<\/div>\n\t\t\t\t\t\t<\/div>\n\t\t\t\t<\/div>\n\t\t\t\t<section class=\"elementor-section elementor-inner-section elementor-element elementor-element-331d5f0 elementor-section-boxed elementor-section-height-default elementor-section-height-default\" data-id=\"331d5f0\" data-element_type=\"section\">\n\t\t\t\t\t\t<div class=\"elementor-container elementor-column-gap-default\">\n\t\t\t\t\t<div class=\"elementor-column elementor-col-100 elementor-inner-column elementor-element elementor-element-bf06f9c\" data-id=\"bf06f9c\" data-element_type=\"column\">\n\t\t\t<div class=\"elementor-widget-wrap elementor-element-populated\">\n\t\t\t\t\t\t\t\t<div class=\"elementor-element elementor-element-d66589b elementor-widget elementor-widget-heading\" data-id=\"d66589b\" data-element_type=\"widget\" data-widget_type=\"heading.default\">\n\t\t\t\t<div class=\"elementor-widget-container\">\n\t\t\t<h5 class=\"elementor-heading-title elementor-size-default\"><a href=\"https:\/\/lafittechile.cl\/wp-content\/uploads\/2019\/10\/WEB-40-00.pdf\">Ver ficha t\u00e9cnica<\/a><\/h5>\t\t<\/div>\n\t\t\t\t<\/div>\n\t\t\t\t\t<\/div>\n\t\t<\/div>\n\t\t\t\t\t\t\t<\/div>\n\t\t<\/section>\n\t\t\t\t\t<\/div>\n\t\t<\/div>\n\t\t\t\t\t\t\t<\/div>\n\t\t<\/section>\n\t\t\t\t\t\t\t<\/div>","protected":false},"excerpt":{"rendered":"<p>En todas las dimensiones e incluso en formatos especiales. Imprimible por huecograbado desde 1 hasta 4 colores, la c\u00e1psula COMPLEJO admite adem\u00e1s la aplicaci\u00f3n de stamping con o sin relieve, en acabados mates o brillantes.<\/p>","protected":false},"featured_media":988419,"comment_status":"closed","ping_status":"closed","template":"","meta":{"_joinchat":[]},"product_cat":[65],"product_tag":[],"class_list":["post-987912","product","type-product","status-publish","has-post-thumbnail","hentry","product_cat-pvc-vino"],"_links":{"self":[{"href":"https:\/\/lafitteargentina.com\/es\/wp-json\/wp\/v2\/product\/987912","targetHints":{"allow":["GET"]}}],"collection":[{"href":"https:\/\/lafitteargentina.com\/es\/wp-json\/wp\/v2\/product"}],"about":[{"href":"https:\/\/lafitteargentina.com\/es\/wp-json\/wp\/v2\/types\/product"}],"replies":[{"embeddable":true,"href":"https:\/\/lafitteargentina.com\/es\/wp-json\/wp\/v2\/comments?post=987912"}],"version-history":[{"count":8,"href":"https:\/\/lafitteargentina.com\/es\/wp-json\/wp\/v2\/product\/987912\/revisions"}],"predecessor-version":[{"id":988259,"href":"https:\/\/lafitteargentina.com\/es\/wp-json\/wp\/v2\/product\/987912\/revisions\/988259"}],"wp:featuredmedia":[{"embeddable":true,"href":"https:\/\/lafitteargentina.com\/es\/wp-json\/wp\/v2\/media\/988419"}],"wp:attachment":[{"href":"https:\/\/lafitteargentina.com\/es\/wp-json\/wp\/v2\/media?parent=987912"}],"wp:term":[{"taxonomy":"product_cat","embeddable":true,"href":"https:\/\/lafitteargentina.com\/es\/wp-json\/wp\/v2\/product_cat?post=987912"},{"taxonomy":"product_tag","embeddable":true,"href":"https:\/\/lafitteargentina.com\/es\/wp-json\/wp\/v2\/product_tag?post=987912"}],"curies":[{"name":"wp","href":"https:\/\/api.w.org\/{rel}","templated":true}]}}