{"id":987935,"date":"2023-01-05T19:12:42","date_gmt":"2023-01-05T19:12:42","guid":{"rendered":"http:\/\/lafitte.hostindomain.com\/?post_type=product&#038;p=987935"},"modified":"2023-03-15T23:28:16","modified_gmt":"2023-03-15T23:28:16","slug":"espumantes","status":"publish","type":"product","link":"https:\/\/lafitteargentina.com\/es\/producto\/espumantes\/","title":{"rendered":"Espumantes"},"content":{"rendered":"<div data-elementor-type=\"product-post\" data-elementor-id=\"987935\" class=\"elementor elementor-987935\">\n\t\t\t\t\t\t\t\t\t<section class=\"elementor-section elementor-top-section elementor-element elementor-element-291ac02 elementor-section-boxed elementor-section-height-default elementor-section-height-default\" data-id=\"291ac02\" data-element_type=\"section\">\n\t\t\t\t\t\t<div class=\"elementor-container elementor-column-gap-default\">\n\t\t\t\t\t<div class=\"elementor-column elementor-col-100 elementor-top-column elementor-element elementor-element-b960f3f\" data-id=\"b960f3f\" data-element_type=\"column\">\n\t\t\t<div class=\"elementor-widget-wrap elementor-element-populated\">\n\t\t\t\t\t\t\t\t<div class=\"elementor-element elementor-element-1b05cb1 elementor-widget elementor-widget-heading\" data-id=\"1b05cb1\" data-element_type=\"widget\" data-widget_type=\"heading.default\">\n\t\t\t\t<div class=\"elementor-widget-container\">\n\t\t\t<h5 class=\"elementor-heading-title elementor-size-default\">Dimensiones<\/h5>\t\t<\/div>\n\t\t\t\t<\/div>\n\t\t\t\t<div class=\"elementor-element elementor-element-b9044c3 elementor-widget elementor-widget-text-editor\" data-id=\"b9044c3\" data-element_type=\"widget\" data-widget_type=\"text-editor.default\">\n\t\t\t\t<div class=\"elementor-widget-container\">\n\t\t\t\t\t\t\t<p>Di\u00e1metro: \u00a0 \u00a0 \u00a0 \u00a0 \u00a0 \u00a0 \u00a0 \u00a0 Largo:<br \/>34,00mm \u00a0 \u00a0 \u00a0 \u00a0 \u00a0 \u00a0 \u00a0 \u00a0 \u00a0110,00mm\u00a0<br \/>34,00mm \u00a0 \u00a0 \u00a0 \u00a0 \u00a0 \u00a0 \u00a0 \u00a0 \u00a0120,00mm<\/p>\t\t\t\t\t\t<\/div>\n\t\t\t\t<\/div>\n\t\t\t\t<div class=\"elementor-element elementor-element-2f2b491 elementor-widget elementor-widget-heading\" data-id=\"2f2b491\" data-element_type=\"widget\" data-widget_type=\"heading.default\">\n\t\t\t\t<div class=\"elementor-widget-container\">\n\t\t\t<h5 class=\"elementor-heading-title elementor-size-default\">Dise\u00f1o<\/h5>\t\t<\/div>\n\t\t\t\t<\/div>\n\t\t\t\t<div class=\"elementor-element elementor-element-f76f6bd elementor-widget elementor-widget-image\" data-id=\"f76f6bd\" data-element_type=\"widget\" data-widget_type=\"image.default\">\n\t\t\t\t<div class=\"elementor-widget-container\">\n\t\t\t\t\t\t\t<div class=\"elementor-image\">\n\t\t\t\t\t\t\t\t\t\t\t\t\t\t\t\t\t\t\t\t\t<img loading=\"lazy\" decoding=\"async\" width=\"637\" height=\"669\" src=\"https:\/\/lafitteargentina.com\/wp-content\/uploads\/2023\/01\/EspumanteDiseno.png\" class=\"attachment-large size-large wp-image-987937\" alt=\"\" srcset=\"https:\/\/lafitteargentina.com\/wp-content\/uploads\/2023\/01\/EspumanteDiseno.png 637w, https:\/\/lafitteargentina.com\/wp-content\/uploads\/2023\/01\/EspumanteDiseno-315x331.png 315w, https:\/\/lafitteargentina.com\/wp-content\/uploads\/2023\/01\/EspumanteDiseno-630x662.png 630w, https:\/\/lafitteargentina.com\/wp-content\/uploads\/2023\/01\/EspumanteDiseno-286x300.png 286w\" sizes=\"auto, (max-width: 637px) 100vw, 637px\" \/>\t\t\t\t\t\t\t\t\t\t\t\t\t\t\t\t\t\t\t\t\t\t\t\t<\/div>\n\t\t\t\t\t\t<\/div>\n\t\t\t\t<\/div>\n\t\t\t\t<section class=\"elementor-section elementor-inner-section elementor-element elementor-element-331d5f0 elementor-section-boxed elementor-section-height-default elementor-section-height-default\" data-id=\"331d5f0\" data-element_type=\"section\">\n\t\t\t\t\t\t<div class=\"elementor-container elementor-column-gap-default\">\n\t\t\t\t\t<div class=\"elementor-column elementor-col-100 elementor-inner-column elementor-element elementor-element-bf06f9c\" data-id=\"bf06f9c\" data-element_type=\"column\">\n\t\t\t<div class=\"elementor-widget-wrap elementor-element-populated\">\n\t\t\t\t\t\t\t\t<div class=\"elementor-element elementor-element-d66589b elementor-widget elementor-widget-heading\" data-id=\"d66589b\" data-element_type=\"widget\" data-widget_type=\"heading.default\">\n\t\t\t\t<div class=\"elementor-widget-container\">\n\t\t\t<h5 class=\"elementor-heading-title elementor-size-default\"><a href=\"https:\/\/lafittechile.cl\/wp-content\/uploads\/2019\/10\/WEB-20-00.pdf\">Ver ficha t\u00e9cnica<\/a><\/h5>\t\t<\/div>\n\t\t\t\t<\/div>\n\t\t\t\t\t<\/div>\n\t\t<\/div>\n\t\t\t\t\t\t\t<\/div>\n\t\t<\/section>\n\t\t\t\t\t<\/div>\n\t\t<\/div>\n\t\t\t\t\t\t\t<\/div>\n\t\t<\/section>\n\t\t\t\t\t\t\t<\/div>","protected":false},"excerpt":{"rendered":"<p>Permite la impresi\u00f3n en falda con tinta huecograbado y\/o aplicaci\u00f3n de folia de stamping, en acabados mates o brillantes, as\u00ed como tambi\u00e9n ofrece gofrados de diferentes caracter\u00edsticas.<br \/>\nEl sistema de desgarre puede ser con cinta \u2013 con o sin punteado. De f\u00e1cil y perfecta aplicaci\u00f3n y ajuste al cuello de la botella.<\/p>","protected":false},"featured_media":988408,"comment_status":"closed","ping_status":"closed","template":"","meta":{"_joinchat":[]},"product_cat":[68],"product_tag":[],"class_list":["post-987935","product","type-product","status-publish","has-post-thumbnail","hentry","product_cat-espumantes"],"_links":{"self":[{"href":"https:\/\/lafitteargentina.com\/es\/wp-json\/wp\/v2\/product\/987935","targetHints":{"allow":["GET"]}}],"collection":[{"href":"https:\/\/lafitteargentina.com\/es\/wp-json\/wp\/v2\/product"}],"about":[{"href":"https:\/\/lafitteargentina.com\/es\/wp-json\/wp\/v2\/types\/product"}],"replies":[{"embeddable":true,"href":"https:\/\/lafitteargentina.com\/es\/wp-json\/wp\/v2\/comments?post=987935"}],"version-history":[{"count":14,"href":"https:\/\/lafitteargentina.com\/es\/wp-json\/wp\/v2\/product\/987935\/revisions"}],"predecessor-version":[{"id":988642,"href":"https:\/\/lafitteargentina.com\/es\/wp-json\/wp\/v2\/product\/987935\/revisions\/988642"}],"wp:featuredmedia":[{"embeddable":true,"href":"https:\/\/lafitteargentina.com\/es\/wp-json\/wp\/v2\/media\/988408"}],"wp:attachment":[{"href":"https:\/\/lafitteargentina.com\/es\/wp-json\/wp\/v2\/media?parent=987935"}],"wp:term":[{"taxonomy":"product_cat","embeddable":true,"href":"https:\/\/lafitteargentina.com\/es\/wp-json\/wp\/v2\/product_cat?post=987935"},{"taxonomy":"product_tag","embeddable":true,"href":"https:\/\/lafitteargentina.com\/es\/wp-json\/wp\/v2\/product_tag?post=987935"}],"curies":[{"name":"wp","href":"https:\/\/api.w.org\/{rel}","templated":true}]}}