{"id":987952,"date":"2023-01-05T19:23:20","date_gmt":"2023-01-05T19:23:20","guid":{"rendered":"http:\/\/lafitte.hostindomain.com\/?post_type=product&#038;p=987952"},"modified":"2023-02-17T20:50:37","modified_gmt":"2023-02-17T20:50:37","slug":"estano","status":"publish","type":"product","link":"https:\/\/lafitteargentina.com\/es\/producto\/estano\/","title":{"rendered":"Esta\u00f1o"},"content":{"rendered":"<div data-elementor-type=\"product-post\" data-elementor-id=\"987952\" class=\"elementor elementor-987952\">\n\t\t\t\t\t\t\t\t\t<section class=\"elementor-section elementor-top-section elementor-element elementor-element-291ac02 elementor-section-boxed elementor-section-height-default elementor-section-height-default\" data-id=\"291ac02\" data-element_type=\"section\">\n\t\t\t\t\t\t<div class=\"elementor-container elementor-column-gap-default\">\n\t\t\t\t\t<div class=\"elementor-column elementor-col-100 elementor-top-column elementor-element elementor-element-b960f3f\" data-id=\"b960f3f\" data-element_type=\"column\">\n\t\t\t<div class=\"elementor-widget-wrap elementor-element-populated\">\n\t\t\t\t\t\t\t\t<div class=\"elementor-element elementor-element-1b05cb1 elementor-widget elementor-widget-heading\" data-id=\"1b05cb1\" data-element_type=\"widget\" data-widget_type=\"heading.default\">\n\t\t\t\t<div class=\"elementor-widget-container\">\n\t\t\t<h5 class=\"elementor-heading-title elementor-size-default\">Dimensiones<\/h5>\t\t<\/div>\n\t\t\t\t<\/div>\n\t\t\t\t<div class=\"elementor-element elementor-element-b9044c3 elementor-widget elementor-widget-text-editor\" data-id=\"b9044c3\" data-element_type=\"widget\" data-widget_type=\"text-editor.default\">\n\t\t\t\t<div class=\"elementor-widget-container\">\n\t\t\t\t\t\t\t29,00 x 60,00  <br> \n29,25 x 60,00  <br> \n30,05 x 60,00  <br>\n30,50 x 60,00  <br> \n31,80 x 60,00  <br> \n29,00 x 55,00  <br>\n29,25 x 55,00  <br>  \n30,05 x 55,00  <br> \n30,50 x 55,00  <br>\n31,80 x 50,00\t\t\t\t\t\t<\/div>\n\t\t\t\t<\/div>\n\t\t\t\t<div class=\"elementor-element elementor-element-2f2b491 elementor-widget elementor-widget-heading\" data-id=\"2f2b491\" data-element_type=\"widget\" data-widget_type=\"heading.default\">\n\t\t\t\t<div class=\"elementor-widget-container\">\n\t\t\t<h5 class=\"elementor-heading-title elementor-size-default\">Dise\u00f1o<\/h5>\t\t<\/div>\n\t\t\t\t<\/div>\n\t\t\t\t<div class=\"elementor-element elementor-element-f76f6bd elementor-widget elementor-widget-image\" data-id=\"f76f6bd\" data-element_type=\"widget\" data-widget_type=\"image.default\">\n\t\t\t\t<div class=\"elementor-widget-container\">\n\t\t\t\t\t\t\t<div class=\"elementor-image\">\n\t\t\t\t\t\t\t\t\t\t\t\t\t\t\t\t\t\t\t\t\t<img loading=\"lazy\" decoding=\"async\" width=\"637\" height=\"669\" src=\"https:\/\/lafitteargentina.com\/wp-content\/uploads\/2023\/01\/AluminioEstanoDiseno.png\" class=\"attachment-large size-large wp-image-987948\" alt=\"\" srcset=\"https:\/\/lafitteargentina.com\/wp-content\/uploads\/2023\/01\/AluminioEstanoDiseno.png 637w, https:\/\/lafitteargentina.com\/wp-content\/uploads\/2023\/01\/AluminioEstanoDiseno-315x331.png 315w, https:\/\/lafitteargentina.com\/wp-content\/uploads\/2023\/01\/AluminioEstanoDiseno-630x662.png 630w, https:\/\/lafitteargentina.com\/wp-content\/uploads\/2023\/01\/AluminioEstanoDiseno-286x300.png 286w\" sizes=\"auto, (max-width: 637px) 100vw, 637px\" \/>\t\t\t\t\t\t\t\t\t\t\t\t\t\t\t\t\t\t\t\t\t\t\t\t<\/div>\n\t\t\t\t\t\t<\/div>\n\t\t\t\t<\/div>\n\t\t\t\t<section class=\"elementor-section elementor-inner-section elementor-element elementor-element-331d5f0 elementor-section-boxed elementor-section-height-default elementor-section-height-default\" data-id=\"331d5f0\" data-element_type=\"section\">\n\t\t\t\t\t\t<div class=\"elementor-container elementor-column-gap-default\">\n\t\t\t\t\t<div class=\"elementor-column elementor-col-100 elementor-inner-column elementor-element elementor-element-bf06f9c\" data-id=\"bf06f9c\" data-element_type=\"column\">\n\t\t\t<div class=\"elementor-widget-wrap elementor-element-populated\">\n\t\t\t\t\t\t\t\t<div class=\"elementor-element elementor-element-d66589b elementor-widget elementor-widget-heading\" data-id=\"d66589b\" data-element_type=\"widget\" data-widget_type=\"heading.default\">\n\t\t\t\t<div class=\"elementor-widget-container\">\n\t\t\t<h5 class=\"elementor-heading-title elementor-size-default\"><a href=\"https:\/\/lafittechile.cl\/wp-content\/uploads\/2019\/11\/ESTAN%CC%83O.pdf\">Ver ficha t\u00e9cnica<\/a><\/h5>\t\t<\/div>\n\t\t\t\t<\/div>\n\t\t\t\t\t<\/div>\n\t\t<\/div>\n\t\t\t\t\t\t\t<\/div>\n\t\t<\/section>\n\t\t\t\t\t<\/div>\n\t\t<\/div>\n\t\t\t\t\t\t\t<\/div>\n\t\t<\/section>\n\t\t\t\t\t\t\t<\/div>","protected":false},"excerpt":{"rendered":"<p>Fabricada en esta\u00f1o puro embutido. Se puede fabricar en diversas dimensiones e incluso en formatos especiales as\u00ed como diversos espesores del material. Imprimible por serigraf\u00eda hasta tres colores con todo tipo de acabados mates, satinados y brillantes. La cabeza permite todo tipo de relieves, tanto seco como tintado. Adem\u00e1s con la posibilidad de incorporar un sistema de desgarre para la apertura f\u00e1cil.<\/p>","protected":false},"featured_media":988414,"comment_status":"closed","ping_status":"closed","template":"","meta":{"_joinchat":[]},"product_cat":[70],"product_tag":[],"class_list":["post-987952","product","type-product","status-publish","has-post-thumbnail","hentry","product_cat-estano"],"_links":{"self":[{"href":"https:\/\/lafitteargentina.com\/es\/wp-json\/wp\/v2\/product\/987952","targetHints":{"allow":["GET"]}}],"collection":[{"href":"https:\/\/lafitteargentina.com\/es\/wp-json\/wp\/v2\/product"}],"about":[{"href":"https:\/\/lafitteargentina.com\/es\/wp-json\/wp\/v2\/types\/product"}],"replies":[{"embeddable":true,"href":"https:\/\/lafitteargentina.com\/es\/wp-json\/wp\/v2\/comments?post=987952"}],"version-history":[{"count":2,"href":"https:\/\/lafitteargentina.com\/es\/wp-json\/wp\/v2\/product\/987952\/revisions"}],"predecessor-version":[{"id":988287,"href":"https:\/\/lafitteargentina.com\/es\/wp-json\/wp\/v2\/product\/987952\/revisions\/988287"}],"wp:featuredmedia":[{"embeddable":true,"href":"https:\/\/lafitteargentina.com\/es\/wp-json\/wp\/v2\/media\/988414"}],"wp:attachment":[{"href":"https:\/\/lafitteargentina.com\/es\/wp-json\/wp\/v2\/media?parent=987952"}],"wp:term":[{"taxonomy":"product_cat","embeddable":true,"href":"https:\/\/lafitteargentina.com\/es\/wp-json\/wp\/v2\/product_cat?post=987952"},{"taxonomy":"product_tag","embeddable":true,"href":"https:\/\/lafitteargentina.com\/es\/wp-json\/wp\/v2\/product_tag?post=987952"}],"curies":[{"name":"wp","href":"https:\/\/api.w.org\/{rel}","templated":true}]}}